{"id":13,"date":"2021-11-08T08:00:55","date_gmt":"2021-11-08T07:00:55","guid":{"rendered":"http:\/\/terrapresenta.com\/highlight-pro\/"},"modified":"2024-10-22T13:40:14","modified_gmt":"2024-10-22T11:40:14","slug":"highlight-pro","status":"publish","type":"page","link":"https:\/\/terrapresenta.com\/fr\/","title":{"rendered":"Page d'accueil"},"content":{"rendered":"<div  data-label=\"About\" data-id=\"about--1\" data-export-id=\"about-9\" data-category=\"about\" class=\"about-9 content-section content-section-spacing\" id=\"about-1\" style=\"background-color: rgb(255, 255, 255);\"><div  class=\"gridContainer\"> <div  class=\"row middle-sm text-center\"><div  class=\"col-sm-5 space-bottom-xs content-column content-right-sm\" data-type=\"column\"> <h5  class=\"\">TERRA PRESENTA<\/h5> <h2  class=\"\">Nous soutenons des fermes en Afrique et en Asie par des investissements cibl\u00e9s.<\/h2> <p  class=\"\">Notre travail se concentre sur les fermes et les plantations qui sont confront\u00e9es \u00e0 des d\u00e9fis en raison des changements \u00e9conomiques dans leur environnement. Nous les aidons en leur proposant des investissements g\u00e9rables. En tant qu'entreprise ind\u00e9pendante, en contact direct avec les agriculteurs et les propri\u00e9taires de plantations, nous pouvons agir rapidement et individuellement, sans trop de contraintes administratives.<\/p> <\/div> <div  class=\"col-sm-7 flexbox flexbox middle-xs center-xs space-bottom-xs\"><div  class=\"overlay-box flexbox middle-xs center-xs overlay-holder\"> <div  class=\"overlay-box-offset offset-background shadow-medium bg-color2 hide-xs\"><\/div> <img  decoding=\"async\" class=\"flexbox shadow-large img1\" src=\"https:\/\/terrapresenta.com\/wp-content\/uploads\/2021\/11\/cropped-cropped-17743018_l-scaled-1.jpg\" data-size=\"600x400\" title=\"Ferme Seychelles\" alt=\"\"><\/div> <\/div><\/div> <\/div><\/div><div  data-label=\"Content\" data-id=\"content--1\" data-export-id=\"content-12\" data-category=\"content\" class=\"content-12 content-section content-section-spacing\" id=\"content-1\" style=\"background-color: rgb(255, 255, 255); background-image: none;\"><div  class=\"gridContainer\"> <div  class=\"row text-center\"><div  class=\"section-title-col\" data-type=\"column\"> <h2  class=\"\">Promouvoir les processus de d\u00e9veloppement<\/h2> <p  class=\"lead\">Dans de nombreux pays, il existe de grandes injustices qui d\u00e9savantagent les agriculteurs locaux. Dans les r\u00e9gions les plus pauvres du monde en particulier, les biens de consommation courante sont g\u00e9n\u00e9ralement vendus par de grandes entreprises. Cela n'est pas d\u00fb \u00e0 un manque de ressources, mais au fait que les grandes entreprises rendent l'\u00e9conomie de culture locale non rentable en pratiquant des prix de dumping.\n<br ><br >Notre travail commence pr\u00e9cis\u00e9ment l\u00e0. Avec l'initiative locale, nous soutenons directement l'agriculteur et donc toute la r\u00e9gion. Nous voulons donner aux agriculteurs les moyens de travailler de mani\u00e8re rentable. Notre objectif est de permettre aux partenaires de d\u00e9terminer leur propre processus de d\u00e9veloppement en travaillant pour le progr\u00e8s \u00e9conomique, environnemental et social.<\/p><\/div> <\/div> <div  class=\"row center-xs middle-xs\"> <div  class=\"col-sm-9\" data-type=\"column\"> <img  decoding=\"async\" class=\"shadow-large\" src=\"https:\/\/terrapresenta.com\/wp-content\/uploads\/2021\/11\/cropped-2-1024x576-1-1.jpg\" title=\"2-1024x576\" alt=\"\"><\/div> <\/div><\/div> <\/div><div  data-label=\"Content\" data-id=\"content--2\" data-export-id=\"content-7-mc\" data-category=\"content\" class=\"content-7-mc content-section content-section-spacing\" id=\"content-2\" style=\"background-color: rgb(245, 250, 253);\"><div  class=\"gridContainer\"> <div  class=\"row middle-sm\"><div  class=\"col-sm-6 space-bottom-xs\" data-type=\"column\"> <h2  class=\"\">Microcr\u00e9dit<\/h2> <p  class=\"\">Nos microcr\u00e9dits sont de petits pr\u00eats accord\u00e9s aux agriculteurs des pays en d\u00e9veloppement. Ces cr\u00e9dits sont g\u00e9n\u00e9ralement destin\u00e9s aux petites et moyennes exploitations agricoles qui ne disposent pas de ressources financi\u00e8res suffisantes pour d\u00e9velopper ou moderniser leur exploitation. \n<br ><br >Nos microcr\u00e9dits n'ont pas de taux d'int\u00e9r\u00eat et sont accord\u00e9s pour de courtes p\u00e9riodes allant de quelques mois \u00e0 un an. Les pr\u00eats sont souvent rembours\u00e9s en petites tranches afin de permettre aux agriculteurs de rembourser progressivement leurs dettes et de maintenir leurs liquidit\u00e9s. \n<br ><br >Ces microcr\u00e9dits peuvent \u00eatre utilis\u00e9s \u00e0 des fins tr\u00e8s diverses, comme l'achat de semences, d'engrais, d'outils et d'\u00e9quipements agricoles. Ils peuvent \u00e9galement \u00eatre utilis\u00e9s pour financer des formations et des cours agricoles afin d'am\u00e9liorer les comp\u00e9tences et les connaissances des agriculteurs.<\/p> <\/div> <div  class=\"col-sm-6\" data-type=\"column\"> <img decoding=\"async\"  class=\"shadow-large\" src=\"https:\/\/terrapresenta.com\/wp-content\/uploads\/2021\/11\/cropped-cropped-5-1-1024x576-1.jpg\" title=\"cropped-cropped-5-1-1024x576-1.jpg\" alt=\"\"><\/div> <\/div><\/div> <\/div><div  data-label=\"Content\" data-id=\"content--3\" data-export-id=\"content-8-mc\" data-category=\"content\" class=\"content-8-mc content-section content-section-spacing\" id=\"content-3\" style=\"background-color: rgb(255, 255, 255);\"><div  class=\"gridContainer\"> <div  class=\"row middle-sm\"><div  class=\"col-sm-6 space-bottom-xs space-top-xs\" data-type=\"column\"> <img decoding=\"async\"  class=\"shadow-large\" src=\"https:\/\/terrapresenta.com\/wp-content\/uploads\/2023\/04\/cropped-familie-markt.jpg\" title=\"March\u00e9 \u00e0 Timana - Colombie\" alt=\"\"><\/div> <div  class=\"col-sm-6\" data-type=\"column\"><h2  class=\"\">Aide aux familles<\/h2> <p  class=\"\">Le soutien aux exploitations agricoles permet d'augmenter le revenu des familles. Cela contribue \u00e0 ce que les familles puissent fournir une meilleure nourriture, des v\u00eatements et un logement \u00e0 leurs enfants.&nbsp;\n<br ><br >\nGr\u00e2ce \u00e0 des revenus plus \u00e9lev\u00e9s, les familles du tiers monde peuvent s'offrir de meilleurs soins de sant\u00e9 et faire b\u00e9n\u00e9ficier leur famille d'un suivi m\u00e9dical. Les enfants grandissent en meilleure sant\u00e9 et sont moins souvent touch\u00e9s par les maladies.<br ><br >Le microcr\u00e9dit peut \u00e9galement contribuer \u00e0 donner plus de visibilit\u00e9 aux femmes du tiers monde et \u00e0 renforcer leur ind\u00e9pendance \u00e9conomique et leurs droits. Les enfants grandissent ainsi dans des familles o\u00f9 les femmes jouent un r\u00f4le actif et \u00e9galitaire.<\/p> <\/div> <\/div><\/div> <\/div><div  data-label=\"Content\" data-id=\"content--4\" data-export-id=\"content-12\" data-category=\"content\" class=\"content-12 content-section content-section-spacing\" id=\"content-4\" style=\"background-color: rgb(245, 250, 253);\"><div  class=\"gridContainer\"> <div  class=\"row text-center\"><div  class=\"section-title-col\" data-type=\"column\"> <h2  class=\"\">Aide aux enfants<\/h2> <p  class=\"lead\" style=\"text-align: left;\"><span  style=\"font-weight: 600;\">L'aide apport\u00e9e par les microcr\u00e9dits aux agriculteurs du tiers monde a un impact direct sur les familles, et en particulier sur les enfants, de diff\u00e9rentes mani\u00e8res.\n<\/span><br ><br ><span  style=\"font-weight: 600;\">Am\u00e9liorer l'\u00e9ducation<\/span>: Les microcr\u00e9dits contribuent \u00e0 ce que les enfants re\u00e7oivent une meilleure \u00e9ducation, car les familles ont les moyens financiers de payer les frais de scolarit\u00e9, les livres et les uniformes. Les enfants peuvent ainsi avoir de meilleures chances d'acc\u00e9der \u00e0 l'enseignement sup\u00e9rieur et d'avoir un meilleur avenir.\n<br ><br ><span  style=\"font-weight: 600;\">R\u00e9duction du travail des enfants<\/span>Les microcr\u00e9dits permettent aux agriculteurs de d\u00e9velopper leurs exploitations agricoles et de devenir plus productifs. Ils peuvent ainsi g\u00e9n\u00e9rer davantage de revenus et ne doivent plus envoyer leurs enfants travailler dans les champs pour compl\u00e9ter le revenu familial.<\/p><\/div> <\/div> <div  class=\"row center-xs middle-xs\"> <div  class=\"col-sm-9\" data-type=\"column\"> <img decoding=\"async\"  class=\"shadow-large\" src=\"https:\/\/terrapresenta.com\/wp-content\/uploads\/2023\/04\/cropped-girl-smile.jpg\" title=\"cropped-girl-smile.jpg\" alt=\"\"><\/div> <\/div><\/div> <\/div>","protected":false},"excerpt":{"rendered":"<p>TERRA PRESENTA Nous soutenons des fermes en Afrique et en Asie par des investissements cibl\u00e9s. Notre travail se concentre sur les fermes et les plantations qui sont confront\u00e9es \u00e0 des d\u00e9fis en raison des changements \u00e9conomiques dans leur environnement. Nous y apportons notre aide par des investissements g\u00e9rables. En tant qu'entreprise ind\u00e9pendante, en contact direct avec les agriculteurs et les propri\u00e9taires de plantations, nous pouvons rapidement et... <br \/> <a class=\"read-more\" href=\"https:\/\/terrapresenta.com\/fr\/\">Read more<\/a><\/p>","protected":false},"author":1,"featured_media":0,"parent":0,"menu_order":0,"comment_status":"closed","ping_status":"closed","template":"page-templates\/homepage.php","meta":{"footnotes":""},"_links":{"self":[{"href":"https:\/\/terrapresenta.com\/fr\/wp-json\/wp\/v2\/pages\/13"}],"collection":[{"href":"https:\/\/terrapresenta.com\/fr\/wp-json\/wp\/v2\/pages"}],"about":[{"href":"https:\/\/terrapresenta.com\/fr\/wp-json\/wp\/v2\/types\/page"}],"author":[{"embeddable":true,"href":"https:\/\/terrapresenta.com\/fr\/wp-json\/wp\/v2\/users\/1"}],"replies":[{"embeddable":true,"href":"https:\/\/terrapresenta.com\/fr\/wp-json\/wp\/v2\/comments?post=13"}],"version-history":[{"count":18,"href":"https:\/\/terrapresenta.com\/fr\/wp-json\/wp\/v2\/pages\/13\/revisions"}],"predecessor-version":[{"id":173,"href":"https:\/\/terrapresenta.com\/fr\/wp-json\/wp\/v2\/pages\/13\/revisions\/173"}],"wp:attachment":[{"href":"https:\/\/terrapresenta.com\/fr\/wp-json\/wp\/v2\/media?parent=13"}],"curies":[{"name":"wp","href":"https:\/\/api.w.org\/{rel}","templated":true}]}}