{"id":124,"date":"2023-04-23T09:23:54","date_gmt":"2023-04-23T07:23:54","guid":{"rendered":"https:\/\/terrapresenta.com\/?page_id=124"},"modified":"2023-04-23T09:47:42","modified_gmt":"2023-04-23T07:47:42","slug":"bauer-vs-industrie","status":"publish","type":"page","link":"https:\/\/terrapresenta.com\/fr\/bauer-vs-industrie\/","title":{"rendered":"Paysan vs. industrie"},"content":{"rendered":"<div data-label=\"Content\" data-id=\"content--1\" data-export-id=\"content-12\" data-category=\"content\" class=\"content-12 content-section content-section-spacing\" id=\"content-1\"  style=\"background-color: rgb(255, 255, 255);\"><div class=\"gridContainer\" > <div class=\"row text-center\" ><div class=\"section-title-col\" data-type=\"column\" > <h2 class=\"\" >Impact de la production alimentaire industrielle<\/h2> <p class=\"lead\" >L'impact de la production alimentaire industrielle sur les paysans du tiers monde est complexe et peut varier selon le contexte et la r\u00e9gion. Cependant, en g\u00e9n\u00e9ral, plusieurs facteurs ont un impact sur les paysans<\/p><\/div> <\/div> <div class=\"row center-xs middle-xs\" > <div class=\"col-sm-9\" data-type=\"column\" > <img decoding=\"async\" class=\"shadow-large\" src=\"https:\/\/terrapresenta.com\/wp-content\/uploads\/2023\/04\/cropped-fabrik.webp\"  title=\"usine-cropped.webp\" alt=\"\"><\/div> <\/div><\/div> <\/div><div data-label=\"Content\" data-id=\"content--2\" data-export-id=\"content-12\" data-category=\"content\" class=\"content-12 content-section content-section-spacing\" id=\"content-2\"  style=\"background-color: rgb(245, 250, 253);\"><div class=\"gridContainer\" > <div class=\"row text-center\" ><div class=\"section-title-col\" data-type=\"column\" > <h2 class=\"\" >Cons\u00e9quences \u00e9conomiques<\/h2> <p class=\"lead\" ><span style=\"font-weight: 600;\" >Le d\u00e9fi consiste \u00e0 minimiser les effets n\u00e9gatifs et \u00e0 renforcer les effets positifs afin de promouvoir un d\u00e9veloppement durable et \u00e9quitable.<\/span><\/p><p  class=\"\" style=\"text-align: left;\"><span style=\"font-weight: 600;\" >Pression sur les prix<\/span>L'industrialisation de la production alimentaire a souvent entra\u00een\u00e9 une concentration du pouvoir de march\u00e9 entre les mains de quelques grands groupes alimentaires. Ces groupes exercent souvent une \u00e9norme pression sur les prix des agriculteurs, qui sont contraints de vendre leurs produits \u00e0 bas prix. Les paysans du tiers monde peuvent ainsi se retrouver dans la pauvret\u00e9 et avoir des difficult\u00e9s \u00e0 nourrir leur famille.\n<br ><br ><span style=\"font-weight: 600;\" >D\u00e9pendance aux intrants agrochimiques<\/span>L'agriculture industrielle n\u00e9cessite souvent l'utilisation d'intrants agrochimiques tels que des pesticides, des herbicides et des engrais. Ces intrants peuvent \u00eatre co\u00fbteux et rendre les agriculteurs du tiers monde d\u00e9pendants des multinationales de la chimie. En outre, ils peuvent causer des probl\u00e8mes environnementaux et sanitaires \u00e0 long terme.<br >\n\n<br ><span style=\"font-weight: 600;\" >L'accaparement des terres<\/span>: La demande croissante de produits agricoles dans le monde industrialis\u00e9 a entra\u00een\u00e9 une augmentation de l'accaparement des terres dans le tiers-monde. Des entreprises \u00e9trang\u00e8res ach\u00e8tent de grandes surfaces de terres pour les utiliser dans la culture de produits d'exportation, ce qui entra\u00eene souvent des expulsions de paysans et de communaut\u00e9s indig\u00e8nes.<br >\n\n<br ><span style=\"font-weight: 600;\" >Remplacement des m\u00e9thodes de culture traditionnelles<\/span>L'industrialisation de l'agriculture peut entra\u00eener l'abandon des m\u00e9thodes de culture traditionnelles. Cela peut avoir des cons\u00e9quences \u00e0 la fois \u00e9cologiques et culturelles, car les m\u00e9thodes traditionnelles sont souvent adapt\u00e9es aux conditions et aux besoins sp\u00e9cifiques des communaut\u00e9s locales.<br >\n\n<br ><span style=\"font-weight: 600;\" >Changement climatique<\/span>Les effets du changement climatique sont souvent particuli\u00e8rement perceptibles dans le tiers-monde. L'agriculture industrielle peut contribuer \u00e0 accentuer le changement climatique, par exemple par l'utilisation de combustibles fossiles ou la d\u00e9forestation. Les agriculteurs du tiers-monde sont souvent les plus touch\u00e9s par les effets du changement climatique, car ils vivent souvent dans des r\u00e9gions particuli\u00e8rement vuln\u00e9rables aux s\u00e9cheresses, aux inondations et \u00e0 d'autres ph\u00e9nom\u00e8nes m\u00e9t\u00e9orologiques extr\u00eames.<\/p><\/div> <\/div> <div class=\"row center-xs middle-xs\" > <div class=\"col-sm-9\" data-type=\"column\" > <\/div> <\/div><\/div> <\/div><div data-label=\"Content\" data-id=\"content--3\" data-export-id=\"content-12\" data-category=\"content\" class=\"content-12 content-section content-section-spacing\" id=\"content-3\"  style=\"background-color: rgb(255, 255, 255);\"><div class=\"gridContainer\" > <div class=\"row text-center\" ><div class=\"section-title-col\" data-type=\"column\" > <h2 class=\"\" >Cons\u00e9quences pour la sant\u00e9<\/h2> <p class=\"lead\" ><span style=\"font-weight: 600;\" >Dans la production industrielle de denr\u00e9es alimentaires, on utilise souvent trop de sucre et de graisse, car cela contribue \u00e0 am\u00e9liorer le go\u00fbt et la texture des aliments et \u00e0 les conserver plus longtemps.<\/span><span id=\"_mce_caret\" data-mce-bogus=\"1\" data-mce-type=\"format-caret\" ><span style=\"font-weight: 600;\" ><\/span><\/span><\/p><p  class=\"\" style=\"text-align: left;\">Le sucre et la graisse sont \u00e9galement des ingr\u00e9dients relativement bon march\u00e9 par rapport \u00e0 d'autres alternatives plus saines comme les fruits, les l\u00e9gumes ou les c\u00e9r\u00e9ales compl\u00e8tes. Le sucre et la graisse peuvent \u00e9galement contribuer \u00e0 rendre les aliments plus attrayants pour les consommateurs en leur donnant une saveur sucr\u00e9e ou sal\u00e9e. Cela peut inciter les consommateurs \u00e0 acheter davantage de ces aliments, ce qui est plus rentable pour l'industrie alimentaire.&nbsp;\n<br ><br >Un autre facteur est l'utilisation de technologies de transformation qui permettent de produire des aliments rapidement et efficacement afin de r\u00e9pondre aux besoins des consommateurs. Nombre de ces technologies utilisent le sucre et les mati\u00e8res grasses comme conservateurs et exhausteurs de go\u00fbt afin de prolonger la dur\u00e9e de conservation des aliments et de les rendre plus attrayants pour les consommateurs.\n<br ><br >Cependant, l'utilisation de sucre et de graisse dans l'industrie alimentaire a de nombreux inconv\u00e9nients pour la sant\u00e9, comme l'ob\u00e9sit\u00e9, le diab\u00e8te, les maladies cardiaques et d'autres maladies associ\u00e9es. C'est pourquoi de nombreux gouvernements et organisations de sant\u00e9 s'efforcent de r\u00e9duire la consommation d'aliments contenant du sucre et des graisses et d'encourager l'utilisation d'alternatives plus saines.<\/p><\/div> <\/div> <div class=\"row center-xs middle-xs\" > <div class=\"col-sm-9\" data-type=\"column\" > <\/div> <\/div><\/div> <\/div><div data-label=\"Content\" data-id=\"content--4\" data-export-id=\"content-12\" data-category=\"content\" class=\"content-12 content-section content-section-spacing\" id=\"content-4\"  style=\"background-color: rgb(245, 250, 253);\"><div class=\"gridContainer\" > <div class=\"row text-center\" ><div class=\"section-title-col\" data-type=\"column\" > <h2 class=\"\" >Sant\u00e9 &amp; local<\/h2> <p class=\"lead\" ><span style=\"font-weight: 600;\" >Les fruits et l\u00e9gumes cultiv\u00e9s localement sont plus sains que les produits industriels. Les fruits et l\u00e9gumes cultiv\u00e9s localement sont plus riches en nutriments que les produits industriels. Ils sont plus frais, contiennent moins de pesticides et pr\u00e9sentent une plus grande diversit\u00e9 de vari\u00e9t\u00e9s.<\/span><\/p><p  class=\"\" style=\"text-align: left;\"><span style=\"font-weight: 700;\" >Frais<\/span>Les fruits et l\u00e9gumes cultiv\u00e9s localement sont g\u00e9n\u00e9ralement plus frais que les produits industriels, car ils ne doivent pas \u00eatre transport\u00e9s aussi longtemps. Plus les fruits et l\u00e9gumes sont stock\u00e9s longtemps, plus les nutriments sont perdus.\n<br ><br ><span style=\"font-weight: 700;\" >Temps de maturation<\/span>Les fruits et l\u00e9gumes cultiv\u00e9s localement sont souvent r\u00e9colt\u00e9s \u00e0 maturit\u00e9, ce qui signifie qu'ils sont riches en nutriments. Les produits industriels sont souvent r\u00e9colt\u00e9s avant d'\u00eatre m\u00fbrs, afin de les conserver plus longtemps, ce qui signifie qu'ils contiennent moins de nutriments.\n<br ><br ><span style=\"font-weight: 700;\" >Traitement<\/span>Les produits industriels sont souvent transform\u00e9s afin de prolonger leur dur\u00e9e de conservation. Cependant, des nutriments peuvent \u00eatre perdus au cours du processus de transformation. Les fruits et l\u00e9gumes cultiv\u00e9s localement sont g\u00e9n\u00e9ralement moins transform\u00e9s, ce qui signifie qu'ils contiennent plus de nutriments.\n<br ><br ><span style=\"font-weight: 700;\" >Pesticides<\/span>Les fruits et l\u00e9gumes cultiv\u00e9s localement sont souvent trait\u00e9s avec moins de pesticides que les produits industriels. Les pesticides peuvent \u00eatre nocifs pour la sant\u00e9, en particulier lorsqu'ils sont consomm\u00e9s en grandes quantit\u00e9s.\n<br ><br ><span style=\"font-weight: 700;\" >Diversit\u00e9 des vari\u00e9t\u00e9s<\/span>Les fruits et l\u00e9gumes cultiv\u00e9s localement peuvent pr\u00e9senter une plus grande diversit\u00e9 de vari\u00e9t\u00e9s que les produits industriels. Les diff\u00e9rentes vari\u00e9t\u00e9s contiennent des nutriments diff\u00e9rents et peuvent contribuer \u00e0 promouvoir une alimentation vari\u00e9e et saine.\n<br ><br ><\/p><\/div> <\/div> <div class=\"row center-xs middle-xs\" > <div class=\"col-sm-9\" data-type=\"column\" > <img decoding=\"async\" class=\"shadow-large\" src=\"https:\/\/terrapresenta.com\/wp-content\/uploads\/2023\/04\/cropped-farm-afrika-scaled-1.jpg\"  title=\"market garden crops au Burkina Faso\" alt=\"\"><\/div> <\/div><\/div> <\/div>","protected":false},"excerpt":{"rendered":"<p>Impact de la production alimentaire industrielle L'impact de la production alimentaire industrielle sur les agriculteurs du tiers monde est complexe et peut varier en fonction du contexte et de la r\u00e9gion. Cependant, en g\u00e9n\u00e9ral, plusieurs facteurs affectent les paysans Impact \u00e9conomique Le d\u00e9fi consiste \u00e0 minimiser les effets n\u00e9gatifs et \u00e0 renforcer les effets positifs,... <br \/> <a class=\"read-more\" href=\"https:\/\/terrapresenta.com\/fr\/bauer-vs-industrie\/\">Read more<\/a><\/p>","protected":false},"author":1,"featured_media":0,"parent":0,"menu_order":0,"comment_status":"closed","ping_status":"closed","template":"pro\/page-templates\/full-width-page.php","meta":{"footnotes":""},"_links":{"self":[{"href":"https:\/\/terrapresenta.com\/fr\/wp-json\/wp\/v2\/pages\/124"}],"collection":[{"href":"https:\/\/terrapresenta.com\/fr\/wp-json\/wp\/v2\/pages"}],"about":[{"href":"https:\/\/terrapresenta.com\/fr\/wp-json\/wp\/v2\/types\/page"}],"author":[{"embeddable":true,"href":"https:\/\/terrapresenta.com\/fr\/wp-json\/wp\/v2\/users\/1"}],"replies":[{"embeddable":true,"href":"https:\/\/terrapresenta.com\/fr\/wp-json\/wp\/v2\/comments?post=124"}],"version-history":[{"count":5,"href":"https:\/\/terrapresenta.com\/fr\/wp-json\/wp\/v2\/pages\/124\/revisions"}],"predecessor-version":[{"id":137,"href":"https:\/\/terrapresenta.com\/fr\/wp-json\/wp\/v2\/pages\/124\/revisions\/137"}],"wp:attachment":[{"href":"https:\/\/terrapresenta.com\/fr\/wp-json\/wp\/v2\/media?parent=124"}],"curies":[{"name":"wp","href":"https:\/\/api.w.org\/{rel}","templated":true}]}}