{"id":121,"date":"2023-04-23T09:21:53","date_gmt":"2023-04-23T07:21:53","guid":{"rendered":"https:\/\/terrapresenta.com\/?page_id=121"},"modified":"2023-04-23T10:07:55","modified_gmt":"2023-04-23T08:07:55","slug":"unsere-projekte","status":"publish","type":"page","link":"https:\/\/terrapresenta.com\/fr\/unsere-projekte\/","title":{"rendered":"Nos projets"},"content":{"rendered":"<div data-label=\"Content\" data-id=\"content--1\" data-export-id=\"content-12\" data-category=\"content\" class=\"content-12 content-section content-section-spacing\" id=\"content-1\"  style=\"background-color: rgb(245, 250, 253);\"><div class=\"gridContainer\" > <div class=\"row text-center\" ><div class=\"section-title-col\" data-type=\"column\" > <h2 class=\"\" >Terra Presenta apporte actuellement son aide dans diff\u00e9rents pays par le biais de microcr\u00e9dits et de dons en nature.<\/h2> <p class=\"lead\" >Quelques projets sont par exemple une ferme de cacahu\u00e8tes en Inde centrale, une famille de p\u00eacheurs au Sri Lanka, ainsi que des familles en Roumanie. Vous avez la possibilit\u00e9 de participer directement \u00e0 trois de nos projets en Afrique.<\/p><\/div> <\/div> <div class=\"row center-xs middle-xs\" > <div class=\"col-sm-9\" data-type=\"column\" > <\/div> <\/div><\/div> <\/div><div data-label=\"About\" data-id=\"about--1\" data-export-id=\"about-image-text\" data-category=\"about\" class=\"about-image-text content-section content-section-spacing\" id=\"about-1\"  style=\"background-color: rgb(255, 255, 255);\"><div class=\"gridContainer\" > <div class=\"row\" ><div class=\"col-sm-6 flexbox-strech center-xs middle-xs no-gutter-col\" > <div class=\"shadow-large overlap-right-large flexbox middle-xs center-xs left-img\" data-bg=\"image\"  style=\"background-image: url(&quot;https:\/\/terrapresenta.com\/wp-content\/uploads\/2023\/04\/cropped-kaffeekenia.jpg&quot;);\"><\/div><\/div> <div class=\"col-sm-6 space-bottom-xs col-padding-small-xs col-sm-padding-large bg-color5 white-text content-col\" data-type=\"column\" > <h2 class=\"\" >Plantation de caf\u00e9 au Kenya<\/h2> <p class=\"\" >\u00c0 environ 30 kilom\u00e8tres au nord de Nairobi, la capitale du Kenya, nous avons achet\u00e9 un petit terrain dans le comt\u00e9 de Nakuru. Les habitants des environs y cultivent du caf\u00e9. Nous payons un salaire bien sup\u00e9rieur \u00e0 la moyenne et fournissons aux cultivateurs tous les outils, l'eau et les moyens de transport n\u00e9cessaires. Cette plantation de caf\u00e9 est financ\u00e9e par votre achat d'une copropri\u00e9t\u00e9.<\/p><a class=\"button color1\" href=\"https:\/\/kenyaplantation.com\" target=\"_self\" data-cp-link=\"1\" data-icon=\"\" rel=\"noopener\">A propos du projet<\/a><\/div> <\/div><\/div> <\/div><div data-label=\"About\" data-id=\"about--2\" data-export-id=\"about-text-image\" data-category=\"about\" class=\"about-text-image content-section content-section-spacing\" id=\"about-2\"  style=\"background-color: rgb(245, 250, 253);\"><div class=\"gridContainer\" > <div class=\"row\" ><div class=\"col-sm-6 col-padding-small-xs col-sm-padding-large bg-color5 white-text content-col\" data-type=\"column\" > <h5 class=\"\" >\u00c0 propos de nous<\/h5> <h2 class=\"\" >Jardin communautaire au Kenya<\/h2> <p class=\"\" >Outre la plantation de caf\u00e9, nous avons \u00e9galement achet\u00e9 un petit terrain \u00e0 Embu ( \u00e0 environ 120 kilom\u00e8tres au nord-est de Nairobi, en direction du Mont Kenya ). Nous y avons construit un puits et les habitants du village voisin peuvent cultiver sur ce terrain ce dont ils ont besoin. Il s'agit principalement de l\u00e9gumes, mais quelques herbes aromatiques y poussent \u00e9galement. Le jardin communautaire est cofinanc\u00e9 par les recettes de la plantation de caf\u00e9 et les habitants gardent l'int\u00e9gralit\u00e9 de la r\u00e9colte pour eux.<\/p><a class=\"button color1\" href=\"https:\/\/kenyaplantation.com\" target=\"_self\" data-cp-link=\"1\" data-icon=\"\" rel=\"noopener\">A propos du projet<\/a><\/div> <div class=\"col-sm-6 flexbox-strech center-xs middle-xs no-gutter-col\" ><div class=\"shadow-large overlap-left-large flexbox middle-xs center-xs right-img\" data-bg=\"image\"  style=\"background-image: url(&quot;https:\/\/terrapresenta.com\/wp-content\/uploads\/2023\/04\/cropped-obstanbaukenia.jpg&quot;);\"><\/div><\/div> <\/div><\/div> <\/div><div data-label=\"About\" data-id=\"about--3\" data-export-id=\"about-image-text\" data-category=\"about\" class=\"about-image-text content-section content-section-spacing\" id=\"about-3\"  style=\"background-color: rgb(255, 255, 255);\"><div class=\"gridContainer\" > <div class=\"row\" ><div class=\"col-sm-6 flexbox-strech center-xs middle-xs no-gutter-col\" > <div class=\"shadow-large overlap-right-large flexbox middle-xs center-xs left-img\" data-bg=\"image\"  style=\"background-image: url(&quot;https:\/\/terrapresenta.com\/wp-content\/uploads\/2021\/11\/cropped-5-1-1024x576-1-1.jpg&quot;);\"><\/div><\/div> <div class=\"col-sm-6 space-bottom-xs col-padding-small-xs col-sm-padding-large bg-color5 white-text content-col\" data-type=\"column\" ><h5 class=\"\" >\u00c0 propos de nous<\/h5> <h2 class=\"\" >Ferme fruiti\u00e8re aux Seychelles<\/h2> <p class=\"\" >En achetant un certificat, vous soutenez en m\u00eame temps tout le village autour de la ferme et aidez les habitants \u00e0 pouvoir continuer \u00e0 s'approvisionner gratuitement dans ce jardin d'Eden. Les habitants viennent de tout le voisinage pour aider \u00e0 planter et \u00e0 r\u00e9colter. Pendant les temps difficiles que Covid-19 a \u00e9galement apport\u00e9s aux Seychelles, la Treasure Farm a rempli la t\u00e2che importante de servir de source de nourriture essentielle pour le voisinage.&nbsp;<\/p><a class=\"button color1\" href=\"https:\/\/myseychellesparadise.com\" target=\"_self\" data-cp-link=\"1\" data-icon=\"\" rel=\"noopener\">A propos du projet<\/a><\/div> <\/div><\/div> <\/div>","protected":false},"excerpt":{"rendered":"<p>Terra Presenta aide actuellement diff\u00e9rents pays avec des microcr\u00e9dits et des dons en nature. Certains projets sont par exemple une ferme d'arachides en Inde centrale, une famille de p\u00eacheurs au Sri Lanka, ainsi que des familles en Roumanie. Vous avez la possibilit\u00e9 de participer directement \u00e0 trois de nos projets en Afrique. Plantation de caf\u00e9 au Kenya A environ 30 kilom\u00e8tres au nord de Nairobi, la capitale du Kenya,... <br \/> <a class=\"read-more\" href=\"https:\/\/terrapresenta.com\/fr\/unsere-projekte\/\">Read more<\/a><\/p>","protected":false},"author":1,"featured_media":0,"parent":0,"menu_order":0,"comment_status":"closed","ping_status":"closed","template":"pro\/page-templates\/full-width-page.php","meta":{"footnotes":""},"_links":{"self":[{"href":"https:\/\/terrapresenta.com\/fr\/wp-json\/wp\/v2\/pages\/121"}],"collection":[{"href":"https:\/\/terrapresenta.com\/fr\/wp-json\/wp\/v2\/pages"}],"about":[{"href":"https:\/\/terrapresenta.com\/fr\/wp-json\/wp\/v2\/types\/page"}],"author":[{"embeddable":true,"href":"https:\/\/terrapresenta.com\/fr\/wp-json\/wp\/v2\/users\/1"}],"replies":[{"embeddable":true,"href":"https:\/\/terrapresenta.com\/fr\/wp-json\/wp\/v2\/comments?post=121"}],"version-history":[{"count":3,"href":"https:\/\/terrapresenta.com\/fr\/wp-json\/wp\/v2\/pages\/121\/revisions"}],"predecessor-version":[{"id":146,"href":"https:\/\/terrapresenta.com\/fr\/wp-json\/wp\/v2\/pages\/121\/revisions\/146"}],"wp:attachment":[{"href":"https:\/\/terrapresenta.com\/fr\/wp-json\/wp\/v2\/media?parent=121"}],"curies":[{"name":"wp","href":"https:\/\/api.w.org\/{rel}","templated":true}]}}