{"id":13,"date":"2021-11-08T08:00:55","date_gmt":"2021-11-08T07:00:55","guid":{"rendered":"http:\/\/terrapresenta.com\/highlight-pro\/"},"modified":"2024-10-22T13:40:14","modified_gmt":"2024-10-22T11:40:14","slug":"highlight-pro","status":"publish","type":"page","link":"https:\/\/terrapresenta.com\/es\/","title":{"rendered":"Portada"},"content":{"rendered":"<div  data-label=\"About\" data-id=\"about--1\" data-export-id=\"about-9\" data-category=\"about\" class=\"about-9 content-section content-section-spacing\" id=\"about-1\" style=\"background-color: rgb(255, 255, 255);\"><div  class=\"gridContainer\"> <div  class=\"row middle-sm text-center\"><div  class=\"col-sm-5 space-bottom-xs content-column content-right-sm\" data-type=\"column\"> <h5  class=\"\">TERRA PRESENTA<\/h5> <h2  class=\"\">Apoyamos las explotaciones agr\u00edcolas de \u00c1frica y Asia con inversiones espec\u00edficas.<\/h2> <p  class=\"\">Nuestro trabajo se centra en explotaciones y plantaciones que afrontan retos debido a los cambios econ\u00f3micos de su entorno. Aqu\u00ed ayudamos con inversiones gestionables. Como empresa independiente que est\u00e1 en contacto directo con los agricultores y propietarios de plantaciones, podemos actuar de forma r\u00e1pida e individual, sin grandes esfuerzos administrativos.<\/p> <\/div> <div  class=\"col-sm-7 flexbox flexbox middle-xs center-xs space-bottom-xs\"><div  class=\"overlay-box flexbox middle-xs center-xs overlay-holder\"> <div  class=\"overlay-box-offset offset-background shadow-medium bg-color2 hide-xs\"><\/div> <img  decoding=\"async\" class=\"flexbox shadow-large img1\" src=\"https:\/\/terrapresenta.com\/wp-content\/uploads\/2021\/11\/cropped-cropped-17743018_l-scaled-1.jpg\" data-size=\"600x400\" title=\"Granja Seychelles\" alt=\"\"><\/div> <\/div><\/div> <\/div><\/div><div  data-label=\"Content\" data-id=\"content--1\" data-export-id=\"content-12\" data-category=\"content\" class=\"content-12 content-section content-section-spacing\" id=\"content-1\" style=\"background-color: rgb(255, 255, 255); background-image: none;\"><div  class=\"gridContainer\"> <div  class=\"row text-center\"><div  class=\"section-title-col\" data-type=\"column\"> <h2  class=\"\">Promover procesos de desarrollo<\/h2> <p  class=\"lead\">En muchos pa\u00edses hay grandes injusticias que ponen en desventaja a los agricultores locales. Especialmente en las regiones m\u00e1s pobres del mundo, los productos de primera necesidad suelen ser vendidos por grandes empresas. Esto no se debe a la falta de recursos, sino a que las grandes empresas hacen que la agricultura local no sea rentable mediante precios de dumping.\n<br ><br >Nuestro trabajo empieza justo ah\u00ed. Con la iniciativa local, apoyamos directamente al agricultor y, por tanto, a toda la regi\u00f3n. Queremos que el agricultor pueda trabajar de forma rentable. Nuestro objetivo es que los socios puedan determinar su propio proceso de desarrollo trabajando por el progreso econ\u00f3mico, ecol\u00f3gico y social.<\/p><\/div> <\/div> <div  class=\"row center-xs middle-xs\"> <div  class=\"col-sm-9\" data-type=\"column\"> <img  decoding=\"async\" class=\"shadow-large\" src=\"https:\/\/terrapresenta.com\/wp-content\/uploads\/2021\/11\/cropped-2-1024x576-1-1.jpg\" title=\"2-1024x576\" alt=\"\"><\/div> <\/div><\/div> <\/div><div  data-label=\"Content\" data-id=\"content--2\" data-export-id=\"content-7-mc\" data-category=\"content\" class=\"content-7-mc content-section content-section-spacing\" id=\"content-2\" style=\"background-color: rgb(245, 250, 253);\"><div  class=\"gridContainer\"> <div  class=\"row middle-sm\"><div  class=\"col-sm-6 space-bottom-xs\" data-type=\"column\"> <h2  class=\"\">Microcr\u00e9ditos<\/h2> <p  class=\"\">Nuestros microcr\u00e9ditos son peque\u00f1os pr\u00e9stamos concedidos a agricultores de pa\u00edses en desarrollo. Estos pr\u00e9stamos suelen destinarse a peque\u00f1as y medianas explotaciones que no disponen de recursos financieros suficientes para ampliar o modernizar sus operaciones. \n<br ><br >Nuestros microcr\u00e9ditos no tienen tipos de inter\u00e9s y se conceden para periodos cortos, de unos meses a un a\u00f1o. Los pr\u00e9stamos suelen devolverse en peque\u00f1os plazos para que los agricultores puedan saldar gradualmente sus deudas y mantener su liquidez. \n<br ><br >Estos microcr\u00e9ditos pueden utilizarse para diversos fines, como la compra de semillas, fertilizantes, herramientas y equipos agr\u00edcolas. Tambi\u00e9n pueden utilizarse para financiar la educaci\u00f3n y la formaci\u00f3n agr\u00edcolas, con el fin de mejorar las competencias y los conocimientos de los agricultores.<\/p> <\/div> <div  class=\"col-sm-6\" data-type=\"column\"> <img decoding=\"async\"  class=\"shadow-large\" src=\"https:\/\/terrapresenta.com\/wp-content\/uploads\/2021\/11\/cropped-cropped-5-1-1024x576-1.jpg\" title=\"cropped-cropped-5-1-1024x576-1.jpg\" alt=\"\"><\/div> <\/div><\/div> <\/div><div  data-label=\"Content\" data-id=\"content--3\" data-export-id=\"content-8-mc\" data-category=\"content\" class=\"content-8-mc content-section content-section-spacing\" id=\"content-3\" style=\"background-color: rgb(255, 255, 255);\"><div  class=\"gridContainer\"> <div  class=\"row middle-sm\"><div  class=\"col-sm-6 space-bottom-xs space-top-xs\" data-type=\"column\"> <img decoding=\"async\"  class=\"shadow-large\" src=\"https:\/\/terrapresenta.com\/wp-content\/uploads\/2023\/04\/cropped-familie-markt.jpg\" title=\"Mercado en Timana - Colombia\" alt=\"\"><\/div> <div  class=\"col-sm-6\" data-type=\"column\"><h2  class=\"\">Ayuda a las familias<\/h2> <p  class=\"\">Las ayudas agr\u00edcolas garantizan el aumento de los ingresos familiares. Esto ayuda a las familias a proporcionar mejores alimentos, ropa y cobijo a sus hijos.&nbsp;\n<br ><br >\nCon mayores ingresos, las familias del mundo en desarrollo pueden permitirse una mejor asistencia sanitaria y pueden proporcionar atenci\u00f3n m\u00e9dica a sus familias. Los ni\u00f1os crecen m\u00e1s sanos y tienen menos probabilidades de verse afectados por enfermedades.<br ><br >El microcr\u00e9dito tambi\u00e9n puede ayudar a las mujeres del Tercer Mundo a adquirir m\u00e1s protagonismo y a reforzar su independencia econ\u00f3mica y sus derechos. Como resultado, los ni\u00f1os crecen en familias donde las mujeres desempe\u00f1an un papel activo e igualitario.<\/p> <\/div> <\/div><\/div> <\/div><div  data-label=\"Content\" data-id=\"content--4\" data-export-id=\"content-12\" data-category=\"content\" class=\"content-12 content-section content-section-spacing\" id=\"content-4\" style=\"background-color: rgb(245, 250, 253);\"><div  class=\"gridContainer\"> <div  class=\"row text-center\"><div  class=\"section-title-col\" data-type=\"column\"> <h2  class=\"\">Ayuda a los ni\u00f1os<\/h2> <p  class=\"lead\" style=\"text-align: left;\"><span  style=\"font-weight: 600;\">La ayuda en forma de microcr\u00e9ditos a los agricultores del mundo en desarrollo repercute directamente en las familias, especialmente en los ni\u00f1os, de varias maneras.\n<\/span><br ><br ><span  style=\"font-weight: 600;\">Mejorar la educaci\u00f3n<\/span>El microcr\u00e9dito ayuda a los ni\u00f1os a recibir una mejor educaci\u00f3n, ya que las familias disponen de medios financieros para pagar las tasas escolares, los libros y los uniformes. De este modo, los ni\u00f1os tienen m\u00e1s posibilidades de acceder a una educaci\u00f3n superior y un futuro mejor.\n<br ><br ><span  style=\"font-weight: 600;\">Reducci\u00f3n del trabajo infantil<\/span>Gracias al microcr\u00e9dito, los agricultores pueden ampliar sus explotaciones y ser m\u00e1s productivos. Esto les permite obtener m\u00e1s ingresos y ya no tienen que enviar a sus hijos a trabajar al campo para completar los ingresos familiares.<\/p><\/div> <\/div> <div  class=\"row center-xs middle-xs\"> <div  class=\"col-sm-9\" data-type=\"column\"> <img decoding=\"async\"  class=\"shadow-large\" src=\"https:\/\/terrapresenta.com\/wp-content\/uploads\/2023\/04\/cropped-girl-smile.jpg\" title=\"recortada-chica-sonrisa.jpg\" alt=\"\"><\/div> <\/div><\/div> <\/div>","protected":false},"excerpt":{"rendered":"<p>TERRA PRESENTA Apoyamos a explotaciones agr\u00edcolas de \u00c1frica y Asia con inversiones espec\u00edficas. Nuestro trabajo se centra en explotaciones y plantaciones que afrontan retos debido a cambios econ\u00f3micos en su entorno. Aqu\u00ed ayudamos con inversiones gestionables. Como empresa independiente que est\u00e1 en contacto directo con los agricultores y propietarios de plantaciones, podemos... <br \/> <a class=\"read-more\" href=\"https:\/\/terrapresenta.com\/es\/\">Seguir leyendo<\/a><\/p>","protected":false},"author":1,"featured_media":0,"parent":0,"menu_order":0,"comment_status":"closed","ping_status":"closed","template":"page-templates\/homepage.php","meta":{"footnotes":""},"_links":{"self":[{"href":"https:\/\/terrapresenta.com\/es\/wp-json\/wp\/v2\/pages\/13"}],"collection":[{"href":"https:\/\/terrapresenta.com\/es\/wp-json\/wp\/v2\/pages"}],"about":[{"href":"https:\/\/terrapresenta.com\/es\/wp-json\/wp\/v2\/types\/page"}],"author":[{"embeddable":true,"href":"https:\/\/terrapresenta.com\/es\/wp-json\/wp\/v2\/users\/1"}],"replies":[{"embeddable":true,"href":"https:\/\/terrapresenta.com\/es\/wp-json\/wp\/v2\/comments?post=13"}],"version-history":[{"count":18,"href":"https:\/\/terrapresenta.com\/es\/wp-json\/wp\/v2\/pages\/13\/revisions"}],"predecessor-version":[{"id":173,"href":"https:\/\/terrapresenta.com\/es\/wp-json\/wp\/v2\/pages\/13\/revisions\/173"}],"wp:attachment":[{"href":"https:\/\/terrapresenta.com\/es\/wp-json\/wp\/v2\/media?parent=13"}],"curies":[{"name":"wp","href":"https:\/\/api.w.org\/{rel}","templated":true}]}}