{"id":124,"date":"2023-04-23T09:23:54","date_gmt":"2023-04-23T07:23:54","guid":{"rendered":"https:\/\/terrapresenta.com\/?page_id=124"},"modified":"2023-04-23T09:47:42","modified_gmt":"2023-04-23T07:47:42","slug":"bauer-vs-industrie","status":"publish","type":"page","link":"https:\/\/terrapresenta.com\/es\/bauer-vs-industrie\/","title":{"rendered":"El agricultor frente a la industria"},"content":{"rendered":"<div data-label=\"Content\" data-id=\"content--1\" data-export-id=\"content-12\" data-category=\"content\" class=\"content-12 content-section content-section-spacing\" id=\"content-1\"  style=\"background-color: rgb(255, 255, 255);\"><div class=\"gridContainer\" > <div class=\"row text-center\" ><div class=\"section-title-col\" data-type=\"column\" > <h2 class=\"\" >Impacto de la producci\u00f3n industrial de alimentos<\/h2> <p class=\"lead\" >El impacto de la producci\u00f3n industrial de alimentos en los agricultores del mundo en desarrollo es complejo y puede variar seg\u00fan el contexto y la regi\u00f3n. En general, sin embargo, hay varios factores que afectan a los agricultores<\/p><\/div> <\/div> <div class=\"row center-xs middle-xs\" > <div class=\"col-sm-9\" data-type=\"column\" > <img decoding=\"async\" class=\"shadow-large\" src=\"https:\/\/terrapresenta.com\/wp-content\/uploads\/2023\/04\/cropped-fabrik.webp\"  title=\"recorte-f\u00e1brica.webp\" alt=\"\"><\/div> <\/div><\/div> <\/div><div data-label=\"Content\" data-id=\"content--2\" data-export-id=\"content-12\" data-category=\"content\" class=\"content-12 content-section content-section-spacing\" id=\"content-2\"  style=\"background-color: rgb(245, 250, 253);\"><div class=\"gridContainer\" > <div class=\"row text-center\" ><div class=\"section-title-col\" data-type=\"column\" > <h2 class=\"\" >Consecuencias econ\u00f3micas<\/h2> <p class=\"lead\" ><span style=\"font-weight: 600;\" >El reto es minimizar los impactos negativos y potenciar los positivos para promover un desarrollo sostenible y equitativo.<\/span><\/p><p  class=\"\" style=\"text-align: left;\"><span style=\"font-weight: 600;\" >Presi\u00f3n sobre los precios<\/span>La industrializaci\u00f3n de la producci\u00f3n alimentaria ha conducido en muchos casos a una concentraci\u00f3n del poder de mercado en manos de unas pocas grandes empresas alimentarias. Estas empresas ejercen a menudo una enorme presi\u00f3n sobre los precios de los agricultores, que se ven obligados a vender sus productos a precios bajos. Esto puede llevar a que los agricultores del Tercer Mundo caigan en la pobreza y tengan dificultades para alimentar a sus familias.\n<br ><br ><span style=\"font-weight: 600;\" >Dependencia de los insumos agroqu\u00edmicos<\/span>La agricultura industrial requiere a menudo el uso de insumos agroqu\u00edmicos como pesticidas, herbicidas y fertilizantes. Estos insumos pueden ser caros y llevar a los agricultores del mundo en desarrollo a depender de las multinacionales qu\u00edmicas. Tambi\u00e9n pueden causar problemas medioambientales y sanitarios a largo plazo.<br >\n\n<br ><span style=\"font-weight: 600;\" >Acaparamiento de tierras<\/span>La creciente demanda de productos agr\u00edcolas en el mundo industrializado ha provocado un aumento del acaparamiento de tierras en los pa\u00edses en desarrollo. Empresas extranjeras compran grandes extensiones de tierra para destinarlas al cultivo de productos de exportaci\u00f3n, lo que a menudo provoca el desplazamiento de agricultores y comunidades ind\u00edgenas.<br >\n\n<br ><span style=\"font-weight: 600;\" >Desplazamiento de los m\u00e9todos agr\u00edcolas tradicionales<\/span>La industrializaci\u00f3n de la agricultura puede provocar el desplazamiento de los m\u00e9todos agr\u00edcolas tradicionales. Esto puede tener repercusiones tanto ecol\u00f3gicas como culturales, ya que los m\u00e9todos tradicionales suelen adaptarse a las condiciones y necesidades espec\u00edficas de las comunidades locales.<br >\n\n<br ><span style=\"font-weight: 600;\" >Cambio clim\u00e1tico<\/span>La agricultura industrial puede contribuir a exacerbar el cambio clim\u00e1tico, por ejemplo mediante el uso de combustibles f\u00f3siles o la deforestaci\u00f3n. La agricultura industrial puede contribuir a exacerbar el cambio clim\u00e1tico, por ejemplo mediante el uso de combustibles f\u00f3siles o la deforestaci\u00f3n. Los agricultores del mundo en desarrollo suelen ser los m\u00e1s afectados por los efectos del cambio clim\u00e1tico, ya que a menudo viven en zonas especialmente vulnerables a sequ\u00edas, inundaciones y otros fen\u00f3menos meteorol\u00f3gicos extremos.<\/p><\/div> <\/div> <div class=\"row center-xs middle-xs\" > <div class=\"col-sm-9\" data-type=\"column\" > <\/div> <\/div><\/div> <\/div><div data-label=\"Content\" data-id=\"content--3\" data-export-id=\"content-12\" data-category=\"content\" class=\"content-12 content-section content-section-spacing\" id=\"content-3\"  style=\"background-color: rgb(255, 255, 255);\"><div class=\"gridContainer\" > <div class=\"row text-center\" ><div class=\"section-title-col\" data-type=\"column\" > <h2 class=\"\" >Consecuencias para la salud<\/h2> <p class=\"lead\" ><span style=\"font-weight: 600;\" >En la producci\u00f3n industrial de alimentos, a menudo se utiliza demasiado az\u00facar y grasa porque ayudan a mejorar el sabor y la textura de los alimentos y a que duren m\u00e1s.<\/span><span id=\"_mce_caret\" data-mce-bogus=\"1\" data-mce-type=\"format-caret\" ><span style=\"font-weight: 600;\" ><\/span><\/span><\/p><p  class=\"\" style=\"text-align: left;\">Adem\u00e1s, el az\u00facar y las grasas son ingredientes relativamente baratos en comparaci\u00f3n con otras alternativas m\u00e1s saludables, como la fruta, las verduras o los cereales integrales. El az\u00facar y la grasa tambi\u00e9n pueden ayudar a hacer los alimentos m\u00e1s atractivos para los consumidores, d\u00e1ndoles un sabor dulce o salado. Esto puede hacer que los consumidores compren m\u00e1s de estos alimentos, lo que resulta m\u00e1s rentable para la industria alimentaria.&nbsp;\n<br ><br >Otro factor es el uso de tecnolog\u00edas de procesado que permiten producir alimentos con rapidez y eficacia para satisfacer la demanda de los consumidores. Muchas de estas tecnolog\u00edas utilizan az\u00facar y grasa como conservantes y potenciadores del sabor para prolongar la vida \u00fatil de los alimentos y hacerlos m\u00e1s atractivos para los consumidores.\n<br ><br >Sin embargo, el uso de az\u00facar y grasas en la industria alimentaria tiene muchos inconvenientes para la salud, como la obesidad, la diabetes, las enfermedades cardiacas y otras afecciones relacionadas. Por este motivo, muchos gobiernos y organizaciones sanitarias se esfuerzan por reducir el consumo de alimentos azucarados y grasos y promover el uso de alternativas m\u00e1s saludables.<\/p><\/div> <\/div> <div class=\"row center-xs middle-xs\" > <div class=\"col-sm-9\" data-type=\"column\" > <\/div> <\/div><\/div> <\/div><div data-label=\"Content\" data-id=\"content--4\" data-export-id=\"content-12\" data-category=\"content\" class=\"content-12 content-section content-section-spacing\" id=\"content-4\"  style=\"background-color: rgb(245, 250, 253);\"><div class=\"gridContainer\" > <div class=\"row text-center\" ><div class=\"section-title-col\" data-type=\"column\" > <h2 class=\"\" >Saludable y local<\/h2> <p class=\"lead\" ><span style=\"font-weight: 600;\" >Las frutas y hortalizas cultivadas localmente son m\u00e1s sanas que los productos de la industria. Las frutas y hortalizas cultivadas localmente tienen m\u00e1s nutrientes que los productos industriales. Son m\u00e1s frescas, contienen menos pesticidas y tienen una mayor variedad de cultivares.<\/span><\/p><p  class=\"\" style=\"text-align: left;\"><span style=\"font-weight: 700;\" >Fresco<\/span>Las frutas y hortalizas cultivadas localmente suelen ser m\u00e1s frescas que los productos de la industria porque no tienen que transportarse durante tanto tiempo. Cuanto m\u00e1s tiempo se almacenan las frutas y hortalizas, m\u00e1s nutrientes se pierden.\n<br ><br ><span style=\"font-weight: 700;\" >Madurez<\/span>Las frutas y hortalizas cultivadas localmente suelen recolectarse maduras, lo que significa que est\u00e1n llenas de nutrientes. Los productos de la industria suelen recolectarse inmaduros para que duren m\u00e1s, lo que significa que contienen menos nutrientes.\n<br ><br ><span style=\"font-weight: 700;\" >Tratamiento<\/span>Los productos industriales suelen procesarse para prolongar su vida \u00fatil. Sin embargo, durante el proceso de transformaci\u00f3n pueden perderse nutrientes. Las frutas y verduras cultivadas localmente suelen estar menos procesadas, lo que significa que contienen m\u00e1s nutrientes.\n<br ><br ><span style=\"font-weight: 700;\" >Pesticidas<\/span>Las frutas y hortalizas cultivadas localmente suelen tratarse con menos pesticidas que los productos de la industria. Los pesticidas pueden ser perjudiciales para la salud, sobre todo si se consumen en grandes cantidades.\n<br ><br ><span style=\"font-weight: 700;\" >Diversidad varietal<\/span>Las frutas y hortalizas cultivadas localmente pueden tener una mayor variedad que los productos de la industria. Las distintas variedades contienen nutrientes diferentes y pueden ayudar a promover una dieta variada y sana.\n<br ><br ><\/p><\/div> <\/div> <div class=\"row center-xs middle-xs\" > <div class=\"col-sm-9\" data-type=\"column\" > <img decoding=\"async\" class=\"shadow-large\" src=\"https:\/\/terrapresenta.com\/wp-content\/uploads\/2023\/04\/cropped-farm-afrika-scaled-1.jpg\"  title=\"cultivos hort\u00edcolas en Burkina Faso\" alt=\"\"><\/div> <\/div><\/div> <\/div>","protected":false},"excerpt":{"rendered":"<p>Impacto de la producci\u00f3n industrial de alimentos El impacto de la producci\u00f3n industrial de alimentos en los agricultores del mundo en desarrollo es complejo y puede variar seg\u00fan el contexto y la regi\u00f3n. En general, sin embargo, hay varios factores que afectan a los agricultores Impactos econ\u00f3micos El reto consiste en minimizar los impactos negativos y potenciar los positivos, al tiempo que se... <br \/> <a class=\"read-more\" href=\"https:\/\/terrapresenta.com\/es\/bauer-vs-industrie\/\">Seguir leyendo<\/a><\/p>","protected":false},"author":1,"featured_media":0,"parent":0,"menu_order":0,"comment_status":"closed","ping_status":"closed","template":"pro\/page-templates\/full-width-page.php","meta":{"footnotes":""},"_links":{"self":[{"href":"https:\/\/terrapresenta.com\/es\/wp-json\/wp\/v2\/pages\/124"}],"collection":[{"href":"https:\/\/terrapresenta.com\/es\/wp-json\/wp\/v2\/pages"}],"about":[{"href":"https:\/\/terrapresenta.com\/es\/wp-json\/wp\/v2\/types\/page"}],"author":[{"embeddable":true,"href":"https:\/\/terrapresenta.com\/es\/wp-json\/wp\/v2\/users\/1"}],"replies":[{"embeddable":true,"href":"https:\/\/terrapresenta.com\/es\/wp-json\/wp\/v2\/comments?post=124"}],"version-history":[{"count":5,"href":"https:\/\/terrapresenta.com\/es\/wp-json\/wp\/v2\/pages\/124\/revisions"}],"predecessor-version":[{"id":137,"href":"https:\/\/terrapresenta.com\/es\/wp-json\/wp\/v2\/pages\/124\/revisions\/137"}],"wp:attachment":[{"href":"https:\/\/terrapresenta.com\/es\/wp-json\/wp\/v2\/media?parent=124"}],"curies":[{"name":"wp","href":"https:\/\/api.w.org\/{rel}","templated":true}]}}