{"id":121,"date":"2023-04-23T09:21:53","date_gmt":"2023-04-23T07:21:53","guid":{"rendered":"https:\/\/terrapresenta.com\/?page_id=121"},"modified":"2023-04-23T10:07:55","modified_gmt":"2023-04-23T08:07:55","slug":"unsere-projekte","status":"publish","type":"page","link":"https:\/\/terrapresenta.com\/es\/unsere-projekte\/","title":{"rendered":"Nuestros proyectos"},"content":{"rendered":"<div data-label=\"Content\" data-id=\"content--1\" data-export-id=\"content-12\" data-category=\"content\" class=\"content-12 content-section content-section-spacing\" id=\"content-1\"  style=\"background-color: rgb(245, 250, 253);\"><div class=\"gridContainer\" > <div class=\"row text-center\" ><div class=\"section-title-col\" data-type=\"column\" > <h2 class=\"\" >Terra Presenta ayuda actualmente en varios pa\u00edses con microcr\u00e9ditos y donaciones en especie<\/h2> <p class=\"lead\" >Algunos proyectos son, por ejemplo, una granja de cacahuetes en el centro de la India, una familia de pescadores en Sri Lanka y familias en Ruman\u00eda. En tres de nuestros proyectos en \u00c1frica tienes la oportunidad de participar directamente.<\/p><\/div> <\/div> <div class=\"row center-xs middle-xs\" > <div class=\"col-sm-9\" data-type=\"column\" > <\/div> <\/div><\/div> <\/div><div data-label=\"About\" data-id=\"about--1\" data-export-id=\"about-image-text\" data-category=\"about\" class=\"about-image-text content-section content-section-spacing\" id=\"about-1\"  style=\"background-color: rgb(255, 255, 255);\"><div class=\"gridContainer\" > <div class=\"row\" ><div class=\"col-sm-6 flexbox-strech center-xs middle-xs no-gutter-col\" > <div class=\"shadow-large overlap-right-large flexbox middle-xs center-xs left-img\" data-bg=\"image\"  style=\"background-image: url(&quot;https:\/\/terrapresenta.com\/wp-content\/uploads\/2023\/04\/cropped-kaffeekenia.jpg&quot;);\"><\/div><\/div> <div class=\"col-sm-6 space-bottom-xs col-padding-small-xs col-sm-padding-large bg-color5 white-text content-col\" data-type=\"column\" > <h2 class=\"\" >Plantaci\u00f3n de caf\u00e9 en Kenia<\/h2> <p class=\"\" >A unos 30 kil\u00f3metros al norte de Nairobi, la capital de Kenia, compramos un terreno en el condado de Nakuru. En esta tierra, la poblaci\u00f3n local cultiva caf\u00e9. Pagamos un salario muy superior a la media y proporcionamos a los agricultores todas las herramientas, el agua y el transporte necesarios. Esta plantaci\u00f3n de caf\u00e9 se financia con la compra de una copropiedad.<\/p><a class=\"button color1\" href=\"https:\/\/kenyaplantation.com\" target=\"_self\" data-cp-link=\"1\" data-icon=\"\" rel=\"noopener\">El proyecto<\/a><\/div> <\/div><\/div> <\/div><div data-label=\"About\" data-id=\"about--2\" data-export-id=\"about-text-image\" data-category=\"about\" class=\"about-text-image content-section content-section-spacing\" id=\"about-2\"  style=\"background-color: rgb(245, 250, 253);\"><div class=\"gridContainer\" > <div class=\"row\" ><div class=\"col-sm-6 col-padding-small-xs col-sm-padding-large bg-color5 white-text content-col\" data-type=\"column\" > <h5 class=\"\" >Qui\u00e9nes somos<\/h5> <h2 class=\"\" >Huerto comunitario en Kenia<\/h2> <p class=\"\" >Adem\u00e1s de la plantaci\u00f3n de caf\u00e9, tambi\u00e9n hemos comprado un terreno en Embu (a unos 120 kil\u00f3metros al noreste de Nairobi, en direcci\u00f3n al monte Kenia). Aqu\u00ed hemos construido un pozo y los habitantes del pueblo cercano pueden plantar lo que necesiten en esta parcela. Se trata principalmente de hortalizas, pero tambi\u00e9n crecen algunas hierbas. El huerto comunitario se cofinancia con los ingresos de la plantaci\u00f3n de caf\u00e9 y los habitantes se quedan con toda la cosecha.<\/p><a class=\"button color1\" href=\"https:\/\/kenyaplantation.com\" target=\"_self\" data-cp-link=\"1\" data-icon=\"\" rel=\"noopener\">El proyecto<\/a><\/div> <div class=\"col-sm-6 flexbox-strech center-xs middle-xs no-gutter-col\" ><div class=\"shadow-large overlap-left-large flexbox middle-xs center-xs right-img\" data-bg=\"image\"  style=\"background-image: url(&quot;https:\/\/terrapresenta.com\/wp-content\/uploads\/2023\/04\/cropped-obstanbaukenia.jpg&quot;);\"><\/div><\/div> <\/div><\/div> <\/div><div data-label=\"About\" data-id=\"about--3\" data-export-id=\"about-image-text\" data-category=\"about\" class=\"about-image-text content-section content-section-spacing\" id=\"about-3\"  style=\"background-color: rgb(255, 255, 255);\"><div class=\"gridContainer\" > <div class=\"row\" ><div class=\"col-sm-6 flexbox-strech center-xs middle-xs no-gutter-col\" > <div class=\"shadow-large overlap-right-large flexbox middle-xs center-xs left-img\" data-bg=\"image\"  style=\"background-image: url(&quot;https:\/\/terrapresenta.com\/wp-content\/uploads\/2021\/11\/cropped-5-1-1024x576-1-1.jpg&quot;);\"><\/div><\/div> <div class=\"col-sm-6 space-bottom-xs col-padding-small-xs col-sm-padding-large bg-color5 white-text content-col\" data-type=\"column\" ><h5 class=\"\" >Qui\u00e9nes somos<\/h5> <h2 class=\"\" >Granja frut\u00edcola en las Seychelles<\/h2> <p class=\"\" >Con la compra de un certificado, usted apoya a todo el pueblo en torno a la granja y ayuda a los habitantes a seguir pudiendo abastecerse gratuitamente de este Jard\u00edn del Ed\u00e9n. Los residentes vienen de todo el vecindario para ayudar a plantar y cosechar. En los tiempos dif\u00edciles que Covid-19 trajo tambi\u00e9n a Seychelles, la Granja del Tesoro cumpli\u00f3 la importante tarea de servir de fuente vital de alimentos para el vecindario.&nbsp;<\/p><a class=\"button color1\" href=\"https:\/\/myseychellesparadise.com\" target=\"_self\" data-cp-link=\"1\" data-icon=\"\" rel=\"noopener\">El proyecto<\/a><\/div> <\/div><\/div> <\/div>","protected":false},"excerpt":{"rendered":"<p>Terra Presenta ayuda actualmente en varios pa\u00edses con microcr\u00e9ditos y donaciones en especie. Algunos proyectos incluyen una granja de cacahuetes en el centro de la India, una familia de pescadores en Sri Lanka y familias en Ruman\u00eda. Tienes la oportunidad de participar directamente en tres de nuestros proyectos en \u00c1frica. Plantaci\u00f3n de caf\u00e9 en Kenia A unos 30 kil\u00f3metros al norte de Nairobi, la capital de Kenia,... <br \/> <a class=\"read-more\" href=\"https:\/\/terrapresenta.com\/es\/unsere-projekte\/\">Seguir leyendo<\/a><\/p>","protected":false},"author":1,"featured_media":0,"parent":0,"menu_order":0,"comment_status":"closed","ping_status":"closed","template":"pro\/page-templates\/full-width-page.php","meta":{"footnotes":""},"_links":{"self":[{"href":"https:\/\/terrapresenta.com\/es\/wp-json\/wp\/v2\/pages\/121"}],"collection":[{"href":"https:\/\/terrapresenta.com\/es\/wp-json\/wp\/v2\/pages"}],"about":[{"href":"https:\/\/terrapresenta.com\/es\/wp-json\/wp\/v2\/types\/page"}],"author":[{"embeddable":true,"href":"https:\/\/terrapresenta.com\/es\/wp-json\/wp\/v2\/users\/1"}],"replies":[{"embeddable":true,"href":"https:\/\/terrapresenta.com\/es\/wp-json\/wp\/v2\/comments?post=121"}],"version-history":[{"count":3,"href":"https:\/\/terrapresenta.com\/es\/wp-json\/wp\/v2\/pages\/121\/revisions"}],"predecessor-version":[{"id":146,"href":"https:\/\/terrapresenta.com\/es\/wp-json\/wp\/v2\/pages\/121\/revisions\/146"}],"wp:attachment":[{"href":"https:\/\/terrapresenta.com\/es\/wp-json\/wp\/v2\/media?parent=121"}],"curies":[{"name":"wp","href":"https:\/\/api.w.org\/{rel}","templated":true}]}}